{"id":1940,"date":"2018-10-30T13:27:26","date_gmt":"2018-10-30T12:27:26","guid":{"rendered":"https:\/\/the7.io\/g-business\/?page_id=5"},"modified":"2023-05-22T16:42:13","modified_gmt":"2023-05-22T14:42:13","slug":"inicio","status":"publish","type":"page","link":"https:\/\/voxmarchena.es\/","title":{"rendered":"Programa Electoral"},"content":{"rendered":"<div class=\"wpb-content-wrapper\"><p>[vc_row css=\u00bb.vc_custom_1560848049152{padding-top: 60px !important;}\u00bb][vc_column]<div id=\"ultimate-heading-14176a0708b5d87e4\" class=\"uvc-heading ult-adjust-bottom-margin ultimate-heading-14176a0708b5d87e4 uvc-9400 accent-border-color uvc-heading-default-font-sizes\" data-hspacer=\"no_spacer\"  data-halign=\"center\" style=\"text-align:center\"><div class=\"uvc-heading-spacer no_spacer\" style=\"top\"><\/div><div class=\"uvc-main-heading ult-responsive\"  data-ultimate-target='.uvc-heading.ultimate-heading-14176a0708b5d87e4 h2'  data-responsive-json-new='{\"font-size\":\"\",\"line-height\":\"\"}' ><h2 style=\"--font-weight:theme;margin-bottom:60px;\">Programa Electoral Municipal - Marchena 2023<\/h2><\/div><\/div>[\/vc_column][\/vc_row][vc_row][vc_column]<div class=\"standard-arrow list-divider bullet-top\"><h3><strong>1. Reduciremos radicalmente la burocracia, los impuestos y las tasas municipales para aliviar a las familias y empresas.<\/strong><\/h3>\n<ul>\n<li>Reduciremos el IBI aplicando el m\u00ednimo permitido por la ley para cada tipo de inmueble: el 0,4% para los urbanos y el 0,3% para los r\u00fasticos.<\/li>\n<li>Bonificaremos el IAE y el ICIO a empresas de nueva creaci\u00f3n y\/o instalaci\u00f3n durante los primeros a\u00f1os, as\u00ed como a empresas y aut\u00f3nomos que realicen contrataciones indefinidas en nuestro municipio.<\/li>\n<li>Impulsaremos la bonificaci\u00f3n de impuestos y tasas municipales para las familias en funci\u00f3n del n\u00famero de hijos con el objetivo de favorecer la natalidad en nuestro municipio.<\/li>\n<li>Atraeremos la inversi\u00f3n privada reduciendo la burocracia, eliminando obst\u00e1culos, y potenciando la colaboraci\u00f3n p\u00fablico-privada.<\/li>\n<li>Apoyaremos al olvidado sector primario como eje fundamental de nuestra econom\u00eda sobre el cual gira la actividad de empresas de servicios, de suministros de transformaci\u00f3n y comercializaci\u00f3n tan importante para nuestro municipio.<\/li>\n<li>Colaboraremos con las empresas de nueva implantaci\u00f3n en el municipio para favorecer la inserci\u00f3n laboral de los Marcheneros e impulsaremos cursos de Formaci\u00f3n Profesional adecuados a las demandas laborales del municipio con el fin de aumentar la empleabilidad.<\/li>\n<li>Promoveremos la instalaci\u00f3n de empresas en el suelo industrial en desuso mediante bonificaciones fiscales y agilizaci\u00f3n de tr\u00e1mites.<\/li>\n<\/ul>\n<p>&nbsp;<\/p>\n<h3><strong>2. Mejoraremos la calidad de atenci\u00f3n al ciudadano en Marchena.<\/strong><\/h3>\n<ul>\n<li>Simplificaremos la burocracia administrativa a trav\u00e9s de la creaci\u00f3n de una Ventanilla \u00danica administrativa y la unificaci\u00f3n de declaraci\u00f3n responsable para la concesi\u00f3n de licencias, en coordinaci\u00f3n con otras administraciones, frente a la burocracia excesiva.<\/li>\n<li>Reducci\u00f3n dr\u00e1stica de todos los tiempos de espera para licencias, pago de tasas y tr\u00e1mites municipales.<\/li>\n<li>Garantizaremos la m\u00e1xima publicidad, transparencia y control de la contrataci\u00f3n de personal, obras p\u00fablicas y servicios, mediante concursos p\u00fablicos que respondan a los principios de m\u00e1xima concurrencia, velando siempre por la objetividad en su selecci\u00f3n y la prevalencia del inter\u00e9s general.<\/li>\n<li>Llevaremos a cabo la creaci\u00f3n de un sistema de comunicaci\u00f3n directa mediante mensajer\u00eda y redes sociales, y garantizando siempre la atenci\u00f3n presencial, por el que los vecinos puedan denunciar la falta de mantenimiento o limpieza de la ciudad para poder actuar con inmediatez.<\/li>\n<\/ul>\n<p>&nbsp;<\/p>\n<h3><strong>3. Pondremos fin al despilfarro del Ayuntamiento.<\/strong><\/h3>\n<ul>\n<li>Elaboraremos presupuestos municipales que garanticen la calidad de nuestros servicios p\u00fablicos y alivien la subida generalizada de precios a familias y empresas recortando el desorbitado gasto pol\u00edtico que llevan perpetrando los sucesivos gobiernos socialistas.<\/li>\n<li>Reduciremos dr\u00e1sticamente el n\u00famero de concejales a sueldo y personal elegido a dedo.<\/li>\n<li>Suprimiremos o fusionaremos las concejal\u00edas innecesarias que no redunden en la prosperidad de nuestros vecinos para invertir ese dinero en servicios p\u00fablicos de calidad.<\/li>\n<li>Mejoraremos la planificaci\u00f3n de recursos del ayuntamiento para adecuar el tama\u00f1o de la administraci\u00f3n a las necesidades reales de nuestro municipio.<\/li>\n<li>Impulsaremos la transparencia en todos los \u00e1mbitos municipales, manteniendo puntualmente actualizado el portal de transparencia municipal.<\/li>\n<\/ul>\n<p>&nbsp;<\/p>\n<h3><strong>4. Defenderemos y promocionaremos nuestro patrimonio y fiestas tradicionales como motor econ\u00f3mico y tur\u00edstico.<\/strong><\/h3>\n<ul>\n<li>Hay que recuperar y poner en valor el gran patrimonio hist\u00f3rico y cultural que tiene nuestro pueblo, abandonado a su suerte por el actual equipo de gobierno, realizando un plan integral que siente las bases de las actuaciones necesarias para la recuperaci\u00f3n y protecci\u00f3n integral de nuestro valioso patrimonio hist\u00f3rico.<\/li>\n<li>Potenciaremos el turismo, actualmente abandonado en nuestro pueblo, apoyando la creaci\u00f3n de empresas tur\u00edsticas y fomentando planes de innovaci\u00f3n tur\u00edstica.<\/li>\n<li>Plan para la recuperaci\u00f3n y puesta en valor de la Plaza Ducal y plazuela Miguel de Cervantes, de nuestro recinto amurallado y torreones, del Palacio Ducal y de fuentes, norias, aljibes y abrevaderos.<\/li>\n<li>Apoyaremos econ\u00f3mica e institucionalmente a las Hermandades locales.<\/li>\n<\/ul>\n<p>&nbsp;<\/p>\n<h3><strong>5. Promoveremos el deporte y un ocio saludable en Marchena.<\/strong><\/h3>\n<ul>\n<li>Impulsaremos la pr\u00e1ctica deportiva, sobre todo entre los m\u00e1s j\u00f3venes del municipio, promoviendo competiciones deportivas municipales, especialmente en el \u00e1mbito escolar.<\/li>\n<li>Abriremos las pistas deportivas de los centros de educaci\u00f3n primaria en horario no lectivo, tardes y fines de semana.<\/li>\n<li>Crearemos nuevas instalaciones deportivas atendiendo a las necesidades de nuestros vecinos, clubes y asociaciones, frente a la dejadez del actual gobierno que ha provocado la falta de infraestructuras deportivas por su manifiesta incompetencia; pondremos especial atenci\u00f3n al pabell\u00f3n cubierto, y a los estadios Miguelete y Mariano Pulido, que se encuentran en un estado lamentable.<\/li>\n<li>Ayudas a clubes y asociaciones deportivas que fomenten el deporte en nuestra localidad.<\/li>\n<\/ul>\n<p>&nbsp;<\/p>\n<h3>6. Cuidaremos y fortaleceremos el patrimonio natural de nuestro municipio.<\/h3>\n<ul>\n<li>Impulsaremos la reforestaci\u00f3n de nuestro pueblo en los espacios verdes, tanto en zonas urbanas como no urbanizables.<\/li>\n<li>Creaci\u00f3n de un parque periurbano, en las inmediaciones de la v\u00eda verde.<\/li>\n<li>Recuperaci\u00f3n del arroyo del Lavadero desde su nacimiento hasta la carretera de Paradas, convirti\u00e9ndolo en un pasillo verde para su uso social y ocio saludable.<\/li>\n<li>Mejoraremos las zonas verdes y la plantaci\u00f3n de masa forestal aut\u00f3ctona para dar sombra en los periodos de calor. Y crearemos nuevas zonas verdes y ajardinadas.<\/li>\n<li>Recuperaci\u00f3n y adecentamiento de veredas, v\u00edas pecuarias y caminos rurales. Protegiendo nuestro riqu\u00edsimo patrimonio natural de su degradaci\u00f3n y potenciando rutas, conventos (Santa Olalla) y paisajes de nuestro entorno.<\/li>\n<li>Fomentaremos la caza legal y controlada, como pr\u00e1ctica de ocio saludable para nuestros j\u00f3venes y actividad imprescindible para el control de especies.<\/li>\n<\/ul>\n<p>&nbsp;<\/p>\n<h3><strong>7. Apoyaremos decididamente al comercio local.<\/strong><\/h3>\n<ul>\n<li>Crearemos una l\u00ednea de ayudas directas al comercio local y peque\u00f1os negocios del municipio.<\/li>\n<li>Terminaremos con las esperas interminables y los tr\u00e1mites infinitos para la obtenci\u00f3n de licencias de apertura de comercios.<\/li>\n<li>Estableceremos una bonificaci\u00f3n de impuestos para nuevas pymes y comercios locales de nueva apertura, incentivando el emprendimiento local.<\/li>\n<li>Eliminaremos la tasa por ocupaci\u00f3n de v\u00eda p\u00fablica para establecimientos hosteleros y comercios locales, sin perjuicio para el tr\u00e1nsito de los vecinos.<\/li>\n<li>Aprobaremos una nueva ordenanza municipal para crear una zona de marcha y ocio, no sujeta a los horarios cierre y normativas establecidas. Dando respuesta a las necesidades de ocio de la juventud marchenera.<\/li>\n<li>Revitalizaremos el mercado de abastos como comercio tradicional, fomentando las actividades culturales y recreativas que contribuyan a la atracci\u00f3n de vecinos y turistas.<\/li>\n<\/ul>\n<p>&nbsp;<\/p>\n<h3><strong>8. Invertiremos en construcci\u00f3n de vivienda social y revitalizaci\u00f3n de nuestros barrios.<\/strong><\/h3>\n<ul>\n<li>Nuestros hijos deben tener la posibilidad de quedarse y formar una familia en el municipio donde han crecido. Crearemos promociones de vivienda p\u00fablica con especial atenci\u00f3n a los j\u00f3venes y familias de Marchena.<\/li>\n<li>Impulsaremos la rehabilitaci\u00f3n integral del casco hist\u00f3rico de nuestro pueblo con el fin de embellecer nuestro municipio y hacerlo atractivo para el turismo. Modificando el plan especial de protecci\u00f3n de los barrios hist\u00f3ricos para facilitar la necesaria revitalizaci\u00f3n de los barrios abandonados por el consistorio municipal.<\/li>\n<li>Elaboraremos un Plan General de Ordenaci\u00f3n Urbana (PGOU) que no limite el movimiento de veh\u00edculos que quieran acceder al centro del pueblo, que facilite el acceso y el tr\u00e1nsito para personas con movilidad reducida y potencie la implantaci\u00f3n y mantenimiento de comercios locales.<\/li>\n<li>Construiremos un gran parking en el centro de nuestro pueblo que solucione los graves problemas de aparcamiento en Marchena, agravados por la reciente peatonalizaci\u00f3n de calles. As\u00ed como bolsas de aparcamiento en las zonas m\u00e1s congestionadas.<\/li>\n<li>Impulsaremos la construcci\u00f3n de una ronda sur, que una la A-364 (Pol\u00edgono Pemar) y la A-380 (Procavi) con el objetivo mitigar el impacto del tr\u00e1fico pesado en el casco urbano. As\u00ed como la finalizaci\u00f3n de la variante en la A-364.<\/li>\n<\/ul>\n<p>&nbsp;<\/p>\n<h3><strong>9. Mejoraremos y conservaremos nuestros espacios p\u00fablicos frente a su creciente degradaci\u00f3n y deterioro.<\/strong><\/h3>\n<ul>\n<li>Actuaremos en la mejora y adecuaci\u00f3n de rotondas y calles, en el asfaltado, pavimentos, calzadas y aceras deterioradas.<\/li>\n<li>Mejoraremos de las redes de abastecimiento de agua para mejorar su calidad, evitar aver\u00edas y desperdicio de agua. Haremos especial hincapi\u00e9 en establecer presiones adecuadas de suministro en los barrios con menos presi\u00f3n de agua.<\/li>\n<li>Aumentaremos la inversi\u00f3n en el mantenimiento, la reparaci\u00f3n y el asfaltado de los caminos rurales de nuestro pueblo.<\/li>\n<li>Ampliaremos los huertos de ocio, para que no s\u00f3lo los jubilados tengan acceso a ellos.<\/li>\n<li>Elaboraremos un plan de control de plagas con la puesta en marcha de planes eficaces de fumigaci\u00f3n de insectos, ratas u otros tipos de plagas que puedan afectar a nuestra localidad.<\/li>\n<li>Revisaremos las tasas de basuras e impulsaremos la instalaci\u00f3n de los sistemas soterrados de recogida.<\/li>\n<li>Implementaremos un plan para la limpieza, desinsectaci\u00f3n y desratizaci\u00f3n, para que Marchena consiga recuperar su vitalidad y esplendor, prestando especial atenci\u00f3n a la limpieza de pol\u00edgonos, urbanizaciones fuera del casco urbano y barrios abandonados por el gobierno municipal.<\/li>\n<\/ul>\n<p>&nbsp;<\/p>\n<h3><strong>10. Garantizaremos unos servicios p\u00fablicos y unas infraestructuras de calidad.<\/strong><\/h3>\n<ul>\n<li>Exigiremos a la administraci\u00f3n auton\u00f3mica la mejora de la dotaci\u00f3n del centro de salud de nuestro municipio y el aumento de sus plantillas.<\/li>\n<li>Exigiremos a las administraciones competentes, el aumento de las ratios de trabajadores en las residencias de mayores de la Junta de Andaluc\u00eda, as\u00ed como la utilizaci\u00f3n de todas las plazas disponibles en la residencia de Diputaci\u00f3n.<\/li>\n<li>Promoveremos la instalaci\u00f3n de fibra \u00f3ptica, que facilite el acceso a internet de banda ancha al 100% de los marcheneros. Instalaremos red wifi gratuita en los edificios municipales, plazas y zonas comerciales.<\/li>\n<li>Crearemos una l\u00ednea de autob\u00fas interurbano diario entre Marchena y Osuna, para que nuestros vecinos tengan conexi\u00f3n directa y a bajo precio con nuestro hospital comarcal.<\/li>\n<li>Impulsaremos la atenci\u00f3n personal en la estaci\u00f3n de Renfe y presionaremos para que haya un transporte p\u00fablico eficaz con buenas conexiones entre Marchena, Sevilla y resto de municipios conectados por el trazado ferroviario, instando a administraciones superiores a que de una vez por todas Marchena tenga un servicio de cercan\u00edas que impulse nuestra autonom\u00eda, conciliaci\u00f3n familiar y turismo.<\/li>\n<li>Cumpliremos con las ratios recomendadas de n\u00famero de agentes de polic\u00eda local en funci\u00f3n de la poblaci\u00f3n. Aseguraremos que nuestra polic\u00eda local cuente con todo el equipamiento necesario para garantizar su propia seguridad y la de los vecinos.<\/li>\n<li>Rebajaremos el precio de las multas, para que s\u00f3lo cumplan una funci\u00f3n disuasoria y no recaudatoria.<\/li>\n<li>Crearemos un servicio municipal de apoyo, asesoramiento y alerta r\u00e1pida contra la ocupaci\u00f3n ilegal de viviendas. Y brindaremos asesoramiento y ayuda inmediata a las personas afectadas por la ocupaci\u00f3n ilegal de su vivienda.<\/li>\n<li>Impulsaremos la creaci\u00f3n de un cuerpo de protecci\u00f3n civil, que ayude en la organizaci\u00f3n y seguridad de eventos municipales.<\/li>\n<li>Crearemos un servicio de guarder\u00eda rural para que los campos y fincas fuera del casco urbano cuenten con protecci\u00f3n ante la indefensi\u00f3n que presentan actualmente.<\/li>\n<li>Pondremos en marcha un cheque escolar para las familias m\u00e1s desfavorecidas que incluya libros de texto, material escolar, uniformes y becas comedor; m\u00e1s a\u00fan en un contexto de crisis econ\u00f3mica y social.<\/li>\n<li>Promoveremos programas de ayuda a domicilio facilitando que las personas mayores puedan vivir en su casa y en su entorno. Programas de ayuda personal (alimentaci\u00f3n, limpieza dom\u00e9stica, acompa\u00f1amiento e higiene), psicol\u00f3gica, social y educativa.<\/li>\n<\/ul>\n<\/div>[\/vc_column][\/vc_row]<\/p>\n<\/div>","protected":false},"excerpt":{"rendered":"<p>[vc_row css=\u00bb.vc_custom_1560848049152{padding-top: 60px !important;}\u00bb][vc_column][\/vc_column][\/vc_row][vc_row][vc_column][\/vc_column][\/vc_row]<\/p>\n","protected":false},"author":1,"featured_media":0,"parent":0,"menu_order":0,"comment_status":"closed","ping_status":"closed","template":"","meta":{"footnotes":""},"class_list":["post-1940","page","type-page","status-publish","hentry","description-off"],"yoast_head":"<!-- This site is optimized with the Yoast SEO plugin v27.6 - https:\/\/yoast.com\/product\/yoast-seo-wordpress\/ -->\n<title>Programa Electoral - VOX Marchena<\/title>\n<meta name=\"description\" content=\"Cuida Marchena, cuida lo tuyo.\" \/>\n<meta name=\"robots\" content=\"index, follow, max-snippet:-1, max-image-preview:large, max-video-preview:-1\" \/>\n<link rel=\"canonical\" href=\"https:\/\/voxmarchena.es\/\" \/>\n<meta property=\"og:locale\" content=\"es_ES\" \/>\n<meta property=\"og:type\" content=\"article\" \/>\n<meta property=\"og:title\" content=\"Programa Electoral - 28 Mayo\" \/>\n<meta property=\"og:description\" content=\"Cuida Marchena, cuida lo tuyo\" \/>\n<meta property=\"og:url\" content=\"https:\/\/voxmarchena.es\/\" \/>\n<meta property=\"og:site_name\" content=\"VOX Marchena\" \/>\n<meta property=\"article:publisher\" content=\"https:\/\/www.facebook.com\/VOXMarchena\" \/>\n<meta property=\"article:modified_time\" content=\"2023-05-22T14:42:13+00:00\" \/>\n<meta property=\"og:image\" content=\"https:\/\/voxmarchena.es\/wp-content\/uploads\/2023\/05\/logo_vox.jpg\" \/>\n\t<meta property=\"og:image:width\" content=\"395\" \/>\n\t<meta property=\"og:image:height\" content=\"395\" \/>\n\t<meta property=\"og:image:type\" content=\"image\/jpeg\" \/>\n<meta name=\"twitter:card\" content=\"summary_large_image\" \/>\n<meta name=\"twitter:title\" content=\"Programa Electoral - 28 Mayo\" \/>\n<meta name=\"twitter:description\" content=\"Cuida Marchena, cuida lo tuyo\" \/>\n<meta name=\"twitter:image\" content=\"https:\/\/voxmarchena.es\/wp-content\/uploads\/2023\/05\/logo_vox.jpg\" \/>\n<meta name=\"twitter:label1\" content=\"Tiempo de lectura\" \/>\n\t<meta name=\"twitter:data1\" content=\"9 minutos\" \/>\n<script type=\"application\/ld+json\" class=\"yoast-schema-graph\">{\"@context\":\"https:\\\/\\\/schema.org\",\"@graph\":[{\"@type\":\"WebPage\",\"@id\":\"https:\\\/\\\/voxmarchena.es\\\/\",\"url\":\"https:\\\/\\\/voxmarchena.es\\\/\",\"name\":\"Programa Electoral - VOX Marchena\",\"isPartOf\":{\"@id\":\"https:\\\/\\\/voxmarchena.es\\\/#website\"},\"datePublished\":\"2018-10-30T12:27:26+00:00\",\"dateModified\":\"2023-05-22T14:42:13+00:00\",\"description\":\"Cuida Marchena, cuida lo tuyo.\",\"breadcrumb\":{\"@id\":\"https:\\\/\\\/voxmarchena.es\\\/#breadcrumb\"},\"inLanguage\":\"es\",\"potentialAction\":[{\"@type\":\"ReadAction\",\"target\":[\"https:\\\/\\\/voxmarchena.es\\\/\"]}]},{\"@type\":\"BreadcrumbList\",\"@id\":\"https:\\\/\\\/voxmarchena.es\\\/#breadcrumb\",\"itemListElement\":[{\"@type\":\"ListItem\",\"position\":1,\"name\":\"Portada\",\"item\":\"https:\\\/\\\/voxmarchena.es\\\/\"},{\"@type\":\"ListItem\",\"position\":2,\"name\":\"Programa Electoral\"}]},{\"@type\":\"WebSite\",\"@id\":\"https:\\\/\\\/voxmarchena.es\\\/#website\",\"url\":\"https:\\\/\\\/voxmarchena.es\\\/\",\"name\":\"VOX Marchena\",\"description\":\"Cuida Marchena, cuida lo tuyo.\",\"publisher\":{\"@id\":\"https:\\\/\\\/voxmarchena.es\\\/#organization\"},\"potentialAction\":[{\"@type\":\"SearchAction\",\"target\":{\"@type\":\"EntryPoint\",\"urlTemplate\":\"https:\\\/\\\/voxmarchena.es\\\/?s={search_term_string}\"},\"query-input\":{\"@type\":\"PropertyValueSpecification\",\"valueRequired\":true,\"valueName\":\"search_term_string\"}}],\"inLanguage\":\"es\"},{\"@type\":\"Organization\",\"@id\":\"https:\\\/\\\/voxmarchena.es\\\/#organization\",\"name\":\"VOX Marchena\",\"url\":\"https:\\\/\\\/voxmarchena.es\\\/\",\"logo\":{\"@type\":\"ImageObject\",\"inLanguage\":\"es\",\"@id\":\"https:\\\/\\\/voxmarchena.es\\\/#\\\/schema\\\/logo\\\/image\\\/\",\"url\":\"https:\\\/\\\/voxmarchena.es\\\/wp-content\\\/uploads\\\/2019\\\/07\\\/logo_vox.jpg\",\"contentUrl\":\"https:\\\/\\\/voxmarchena.es\\\/wp-content\\\/uploads\\\/2019\\\/07\\\/logo_vox.jpg\",\"width\":395,\"height\":395,\"caption\":\"VOX Marchena\"},\"image\":{\"@id\":\"https:\\\/\\\/voxmarchena.es\\\/#\\\/schema\\\/logo\\\/image\\\/\"},\"sameAs\":[\"https:\\\/\\\/www.facebook.com\\\/VOXMarchena\"]}]}<\/script>\n<!-- \/ Yoast SEO plugin. -->","yoast_head_json":{"title":"Programa Electoral - VOX Marchena","description":"Cuida Marchena, cuida lo tuyo.","robots":{"index":"index","follow":"follow","max-snippet":"max-snippet:-1","max-image-preview":"max-image-preview:large","max-video-preview":"max-video-preview:-1"},"canonical":"https:\/\/voxmarchena.es\/","og_locale":"es_ES","og_type":"article","og_title":"Programa Electoral - 28 Mayo","og_description":"Cuida Marchena, cuida lo tuyo","og_url":"https:\/\/voxmarchena.es\/","og_site_name":"VOX Marchena","article_publisher":"https:\/\/www.facebook.com\/VOXMarchena","article_modified_time":"2023-05-22T14:42:13+00:00","og_image":[{"width":395,"height":395,"url":"https:\/\/voxmarchena.es\/wp-content\/uploads\/2023\/05\/logo_vox.jpg","type":"image\/jpeg"}],"twitter_card":"summary_large_image","twitter_title":"Programa Electoral - 28 Mayo","twitter_description":"Cuida Marchena, cuida lo tuyo","twitter_image":"https:\/\/voxmarchena.es\/wp-content\/uploads\/2023\/05\/logo_vox.jpg","twitter_misc":{"Tiempo de lectura":"9 minutos"},"schema":{"@context":"https:\/\/schema.org","@graph":[{"@type":"WebPage","@id":"https:\/\/voxmarchena.es\/","url":"https:\/\/voxmarchena.es\/","name":"Programa Electoral - VOX Marchena","isPartOf":{"@id":"https:\/\/voxmarchena.es\/#website"},"datePublished":"2018-10-30T12:27:26+00:00","dateModified":"2023-05-22T14:42:13+00:00","description":"Cuida Marchena, cuida lo tuyo.","breadcrumb":{"@id":"https:\/\/voxmarchena.es\/#breadcrumb"},"inLanguage":"es","potentialAction":[{"@type":"ReadAction","target":["https:\/\/voxmarchena.es\/"]}]},{"@type":"BreadcrumbList","@id":"https:\/\/voxmarchena.es\/#breadcrumb","itemListElement":[{"@type":"ListItem","position":1,"name":"Portada","item":"https:\/\/voxmarchena.es\/"},{"@type":"ListItem","position":2,"name":"Programa Electoral"}]},{"@type":"WebSite","@id":"https:\/\/voxmarchena.es\/#website","url":"https:\/\/voxmarchena.es\/","name":"VOX Marchena","description":"Cuida Marchena, cuida lo tuyo.","publisher":{"@id":"https:\/\/voxmarchena.es\/#organization"},"potentialAction":[{"@type":"SearchAction","target":{"@type":"EntryPoint","urlTemplate":"https:\/\/voxmarchena.es\/?s={search_term_string}"},"query-input":{"@type":"PropertyValueSpecification","valueRequired":true,"valueName":"search_term_string"}}],"inLanguage":"es"},{"@type":"Organization","@id":"https:\/\/voxmarchena.es\/#organization","name":"VOX Marchena","url":"https:\/\/voxmarchena.es\/","logo":{"@type":"ImageObject","inLanguage":"es","@id":"https:\/\/voxmarchena.es\/#\/schema\/logo\/image\/","url":"https:\/\/voxmarchena.es\/wp-content\/uploads\/2019\/07\/logo_vox.jpg","contentUrl":"https:\/\/voxmarchena.es\/wp-content\/uploads\/2019\/07\/logo_vox.jpg","width":395,"height":395,"caption":"VOX Marchena"},"image":{"@id":"https:\/\/voxmarchena.es\/#\/schema\/logo\/image\/"},"sameAs":["https:\/\/www.facebook.com\/VOXMarchena"]}]}},"jetpack_sharing_enabled":true,"_links":{"self":[{"href":"https:\/\/voxmarchena.es\/index.php?rest_route=\/wp\/v2\/pages\/1940","targetHints":{"allow":["GET"]}}],"collection":[{"href":"https:\/\/voxmarchena.es\/index.php?rest_route=\/wp\/v2\/pages"}],"about":[{"href":"https:\/\/voxmarchena.es\/index.php?rest_route=\/wp\/v2\/types\/page"}],"author":[{"embeddable":true,"href":"https:\/\/voxmarchena.es\/index.php?rest_route=\/wp\/v2\/users\/1"}],"replies":[{"embeddable":true,"href":"https:\/\/voxmarchena.es\/index.php?rest_route=%2Fwp%2Fv2%2Fcomments&post=1940"}],"version-history":[{"count":46,"href":"https:\/\/voxmarchena.es\/index.php?rest_route=\/wp\/v2\/pages\/1940\/revisions"}],"predecessor-version":[{"id":2614,"href":"https:\/\/voxmarchena.es\/index.php?rest_route=\/wp\/v2\/pages\/1940\/revisions\/2614"}],"wp:attachment":[{"href":"https:\/\/voxmarchena.es\/index.php?rest_route=%2Fwp%2Fv2%2Fmedia&parent=1940"}],"curies":[{"name":"wp","href":"https:\/\/api.w.org\/{rel}","templated":true}]}}